{"id":8979,"date":"2024-11-13T14:14:50","date_gmt":"2024-11-13T13:14:50","guid":{"rendered":"https:\/\/revues.vietnamica.online\/publications_multi\/?page_id=8873"},"modified":"2025-02-14T17:34:52","modified_gmt":"2025-02-14T16:34:52","slug":"book22","status":"publish","type":"page","link":"https:\/\/revues.vietnamica.online\/publications_multi\/vi\/book22\/","title":{"rendered":"##book22"},"content":{"rendered":"<p>[vc_row][vc_column][vc_raw_html]JTNDcCUyMHN0eWxlJTNEJTIyZm9udC13ZWlnaHQlM0ElMjBib2xkJTNCJTIwbWFyZ2luLXRvcCUzQSUyMDMwcHglM0IlMjIlM0UlM0NhJTIwaHJlZiUzRCUyMi4uJTJGJTIyJTNFJTNDaSUyMGNsYXNzJTNEJTIyZmElMjBmYS1ob21lJTIyJTNFJTNDJTJGaSUzRSUyMHF1YXklMjBsJUUxJUJBJUExaSUyMG0lQzMlQTBuJTIwaCVDMyVBQ25oJTIwJUUxJUJBJUE0TiUyMFBIJUUxJUJBJUE4TSUyMEMlRTElQkIlQTZBJTIwVklFVE5BTUlDQSUzQyUyRmElM0UlM0MlMkZwJTNF[\/vc_raw_html][\/vc_column][\/vc_row][vc_row][vc_column][vc_raw_html]JTNDaDQlM0VCJUUxJUJBJUE1bSUyMHYlQzMlQTBvJTIwJUUxJUJBJUEzbmglMjBiJUMzJUFDYSUyMCVDNCU5MSVFMSVCQiU4MyUyMHhlbSUyMHRvJUMzJUEwbiUyMG0lQzMlQTBuJTIwaCVDMyVBQ25oJTIwJTNBJTNDJTJGaDQlM0U=[\/vc_raw_html][\/vc_column][\/vc_row][vc_row][vc_column width=\u00a0\u00bb2\/3&Prime;][vc_raw_html]JTNDYSUyMGhyZWYlM0QlMjJodHRwcyUzQSUyRiUyRnJldnVlcy52aWV0bmFtaWNhLm9ubGluZSUyRnB1YmxpY2F0aW9uc19tdWx0aSUyRndwLWNvbnRlbnQlMkZ1cGxvYWRzJTJGMjAyNCUyRjExJTJGYm9vazIyLWNvdmVyLnBuZyUyMiUyMHRpdGxlJTNEJTIyTGl2cmUlMjAyMiUyMiUzRSUzQ2ltZyUyMHNyYyUzRCUyMmh0dHBzJTNBJTJGJTJGcmV2dWVzLnZpZXRuYW1pY2Eub25saW5lJTJGcHVibGljYXRpb25zX211bHRpJTJGd3AtY29udGVudCUyRnVwbG9hZHMlMkYyMDI0JTJGMTElMkZib29rMjItY292ZXIucG5nJTIyJTIwd2lkdGglM0QlMjIxMDAlMjUlMjIlMjBhbHQlM0QlMjJMaXZyZSUyMDIyJTIyJTNFJTNDJTJGYSUzRQ==[\/vc_raw_html][\/vc_column][vc_column width=\u00a0\u00bb1\/3&Prime;][vc_column_text]<strong>\u00ab Cho\u031b\u0323 Vie\u0323\u0302t xu\u031ba \u2013 Kha\u0309o cu\u031b\u0301u tu\u031b\u0300 t\u01b0 li\u1ec7u bi k\u00fd Ha\u0301n No\u0302m \u00bb<\/strong><\/p>\n<ul>\n<li style=\"list-style-type: none;\">\n<ul>\n<li><em>Titre : Les march\u00e9s dans le Vietnam ancien \u2013 \u00c9tude \u00e9pigraphique.<\/em><\/li>\n<li><em>Title: Markets in Ancient Vietnam &#8211; Epigraphic study<\/em><\/li>\n<li>Auteur : \u0110\u1ed7 Th\u1ecb B\u00edch Tuy\u1ec3n<\/li>\n<li>Collection : T\u00f9ng th\u01b0 v\u0103n bia Vi\u1ec7t Nam<\/li>\n<li>\u00c9dition : Nh\u00e0 xu\u1ea5t b\u1ea3n \u0110\u1ea1i h\u1ecdc Qu\u1ed1c gia H\u00e0 N\u1ed9i (\u00c9ditions de l\u2019Universit\u00e9 nationale de Hanoi)<\/li>\n<li>Ann\u00e9e de parution : 2024<\/li>\n<li>Langue : vietnamien<\/li>\n<li>Nombre de pages : 467<\/li>\n<\/ul>\n<\/li>\n<\/ul>\n<p>[\/vc_column_text][vc_raw_html]JTNDcCUyMHN0eWxlJTNEJTIydGV4dC1hbGlnbiUzQSUyMGNlbnRlciUzQiUyMiUzRSUzQ2ElMjBocmVmJTNEJTIyJTIzcHJlc2VudGF0aW9uJTIyJTNFJTNDaSUyMGNsYXNzJTNEJTIyZmElMjBmYS1hbmdsZS1kb3duJTIyJTNFJTNDJTJGaSUzRSUyMHRoYW0lMjBraCVFMSVCQSVBM28lMjBwaCVFMSVCQSVBN24lMjB0ciVDMyVBQ25oJTIwYiVDMyVBMHklMjBuJUUxJUJCJTk5aSUyMGR1bmclM0MlMkZhJTNFJTNDJTJGcCUzRQ==[\/vc_raw_html][\/vc_column][\/vc_row][vc_row el_id=\u00a0\u00bbpresentation\u00a0\u00bb][vc_column][vc_column_text]<div class=\"ead-preview\"><div class=\"ead-document\" style=\"position: relative;width: 100%;height: 100%;border: none;min-height: 500px;\" data-pdf-src=\"https:\/\/revues.vietnamica.online\/publications_multi\/wp-content\/uploads\/2024\/11\/Tuyen-Introduction.pdf\" data-viewer=\"browser\"><div class=\"ead-iframe-wrapper\"><iframe src=\"\/\/docs.google.com\/viewer?url=https%3A%2F%2Frevues.vietnamica.online%2Fpublications_multi%2Fwp-content%2Fuploads%2F2024%2F11%2FTuyen-Introduction.pdf&amp;embedded=true&amp;hl=en\" title=\"Document embarqu\u00e9\" class=\"ead-iframe\" style=\"width: 100%;height: 100%;border: none;min-height: 500px;visibility: hidden;\"><\/iframe><\/div>\t\t\t<div class=\"ead-document-loading\" style=\"width:100%;height:100%;position:absolute;left:0;top:0;z-index:10;\">\n\t\t\t\t<div class=\"ead-loading-wrap\">\n\t\t\t\t\t<div class=\"ead-loading-main\">\n\t\t\t\t\t\t<div class=\"ead-loading\">\n\t\t\t\t\t\t\t<img loading=\"lazy\" decoding=\"async\" src=\"https:\/\/revues.vietnamica.online\/publications_multi\/wp-content\/plugins\/embed-any-document\/images\/loading.svg\" width=\"55\" height=\"55\" alt=\"Chargeur\">\n\t\t\t\t\t\t\t<span>En cours de chargement&hellip;<\/span>\n\t\t\t\t\t\t<\/div>\n\t\t\t\t\t<\/div>\n\t\t\t\t\t<div class=\"ead-loading-foot\">\n\t\t\t\t\t\t<div class=\"ead-loading-foot-title\">\n\t\t\t\t\t\t\t<img loading=\"lazy\" decoding=\"async\" src=\"https:\/\/revues.vietnamica.online\/publications_multi\/wp-content\/plugins\/embed-any-document\/images\/EAD-logo.svg\" alt=\"Logo EAD\" width=\"36\" height=\"23\"\/>\n\t\t\t\t\t\t\t<span>Cela prend trop de temps\u00a0?<\/span>\n\t\t\t\t\t\t<\/div>\n\t\t\t\t\t\t<div class=\"ead-document-btn ead-reload-btn\" role=\"button\">\n\t\t\t\t\t\t\t\t<img loading=\"lazy\" decoding=\"async\" src=\"https:\/\/revues.vietnamica.online\/publications_multi\/wp-content\/plugins\/embed-any-document\/images\/reload.svg\" alt=\"Recharger\" width=\"12\" height=\"12\"\/> Recharger le document\t\t\t\t\t\t\t<\/div>\n\t\t\t\t\t\t\t<span>|<\/span>\n\t\t\t\t\t\t\t<a href=\"#\" class=\"ead-document-btn\" target=\"_blank\">\n\t\t\t\t\t\t\t\t<img loading=\"lazy\" decoding=\"async\" src=\"https:\/\/revues.vietnamica.online\/publications_multi\/wp-content\/plugins\/embed-any-document\/images\/open.svg\" alt=\"Ouvert\" width=\"12\" height=\"12\"\/> Ouvrir dans un nouvel onglet\t\t\t\t\t\t\t<\/a>\n\t\t\t\t\t<\/div>\n\t\t\t\t<\/div>\n\t\t\t<\/div>\n\t\t<\/div><\/div>[\/vc_column_text][\/vc_column][\/vc_row][vc_row][vc_column][vc_raw_html]JTNDc2NyaXB0JTNFJTBBJTBBc2V0VGltZW91dCUyOGZ1bmN0aW9uJTIwJTI4JTI5JTBBJTdCJTBBJTA5Y29uc29sZS5sb2clMjglMjJ0cmFpdGVtZW50JTIwYWZmaWNoYWdlLi4uJTIyJTI5JTNCJTBBJTBBJTA5dmFyJTIwcGRmT2JqZWN0cyUyMCUzRCUyMGRvY3VtZW50LnF1ZXJ5U2VsZWN0b3JBbGwlMjglMjIucGRmb2JqZWN0JTIyJTI5JTNCJTBBJTA5Y29uc29sZS5sb2clMjglMjJOYiUyMGRvY3VtZW50cyUyMCUzQSUyMCUyMiUyMCUyQiUyMHBkZk9iamVjdHMubGVuZ3RoJTI5JTNCJTBBJTA5JTBBJTA5JTJGJTJGJTIwdmFyJTIwaGF1dGV1ciUyMCUzRCUyMHdpbmRvdy5pbm5lckhlaWdodCUyMC0lMjAxMDAlM0IlMEElMDl2YXIlMjBoYXV0ZXVyJTIwJTNEJTIwd2luZG93LmlubmVySGVpZ2h0JTNCJTBBJTA5JTBBJTA5Zm9yJTI4dmFyJTIwaSUzRDAlM0IlMjBpJTIwJTNDJTIwcGRmT2JqZWN0cy5sZW5ndGglM0IlMjBpJTJCJTJCJTI5JTBBJTA5JTdCJTBBJTA5JTA5cGRmT2JqZWN0cyU1QmklNUQuc3R5bGUuaGVpZ2h0JTIwJTNEJTIwaGF1dGV1ciUyMCUyQiUyMCUyMnB4JTIyJTNCJTBBJTA5JTdEJTBBJTA5JTBBJTdEJTJDJTIwMjAwMCUyOSUzQiUwQSUwQSUwQSUzQyUyRnNjcmlwdCUzRSUwQQ==[\/vc_raw_html][\/vc_column][\/vc_row]<\/p>\n","protected":false},"excerpt":{"rendered":"<p>[vc_row][vc_column][vc_raw_html]JTNDcCUyMHN0eWxlJTNEJTIyZm9udC13ZWlnaHQlM0ElMjBib2xkJTNCJTIwbWFyZ2luLXRvcCUzQSUyMDMwcHglM0IlMjIlM0UlM0NhJTIwaHJlZiUzRCUyMi4uJTJGJTIyJTNFJTNDaSUyMGNsYXNzJTNEJTIyZmElMjBmYS1ob21lJTIyJTNFJTNDJTJGaSUzRSUyMHF1YXklMjBsJUUxJUJBJUExaSUyMG0lQzMlQTBuJTIwaCVDMyVBQ25oJTIwJUUxJUJBJUE0TiUyMFBIJUUxJUJBJUE4TSUyMEMlRTElQkIlQTZBJTIwVklFVE5BTUlDQSUzQyUyRmElM0UlM0MlMkZwJTNF[\/vc_raw_html][\/vc_column][\/vc_row][vc_row][vc_column][vc_raw_html]JTNDaDQlM0VCJUUxJUJBJUE1bSUyMHYlQzMlQTBvJTIwJUUxJUJBJUEzbmglMjBiJUMzJUFDYSUyMCVDNCU5MSVFMSVCQiU4MyUyMHhlbSUyMHRvJUMzJUEwbiUyMG0lQzMlQTBuJTIwaCVDMyVBQ25oJTIwJTNBJTNDJTJGaDQlM0U=[\/vc_raw_html][\/vc_column][\/vc_row][vc_row][vc_column width=\u00a0\u00bb2\/3&Prime;][vc_raw_html]JTNDYSUyMGhyZWYlM0QlMjJodHRwcyUzQSUyRiUyRnJldnVlcy52aWV0bmFtaWNhLm9ubGluZSUyRnB1YmxpY2F0aW9uc19tdWx0aSUyRndwLWNvbnRlbnQlMkZ1cGxvYWRzJTJGMjAyNCUyRjExJTJGYm9vazIyLWNvdmVyLnBuZyUyMiUyMHRpdGxlJTNEJTIyTGl2cmUlMjAyMiUyMiUzRSUzQ2ltZyUyMHNyYyUzRCUyMmh0dHBzJTNBJTJGJTJGcmV2dWVzLnZpZXRuYW1pY2Eub25saW5lJTJGcHVibGljYXRpb25zX211bHRpJTJGd3AtY29udGVudCUyRnVwbG9hZHMlMkYyMDI0JTJGMTElMkZib29rMjItY292ZXIucG5nJTIyJTIwd2lkdGglM0QlMjIxMDAlMjUlMjIlMjBhbHQlM0QlMjJMaXZyZSUyMDIyJTIyJTNFJTNDJTJGYSUzRQ==[\/vc_raw_html][\/vc_column][vc_column width=\u00a0\u00bb1\/3&Prime;][vc_column_text]\u00ab Cho\u031b\u0323 Vie\u0323\u0302t xu\u031ba \u2013 Kha\u0309o cu\u031b\u0301u tu\u031b\u0300 t\u01b0 li\u1ec7u bi k\u00fd Ha\u0301n No\u0302m \u00bb Titre : Les march\u00e9s dans le Vietnam ancien \u2013 \u00c9tude \u00e9pigraphique. Title: Markets in Ancient Vietnam &#8211; Epigraphic study Auteur : \u0110\u1ed7 Th\u1ecb B\u00edch Tuy\u1ec3n Collection : T\u00f9ng th\u01b0 v\u0103n bia Vi\u1ec7t Nam \u00c9dition : Nh\u00e0 xu\u1ea5t b\u1ea3n [&hellip;]<\/p>\n","protected":false},"author":1,"featured_media":0,"parent":0,"menu_order":0,"comment_status":"closed","ping_status":"closed","template":"","meta":{"footnotes":""},"class_list":["post-8979","page","type-page","status-publish","hentry"],"lang":"vi","translations":{"vi":8979,"en":8873,"fr":8978},"pll_sync_post":[],"_links":{"self":[{"href":"https:\/\/revues.vietnamica.online\/publications_multi\/wp-json\/wp\/v2\/pages\/8979","targetHints":{"allow":["GET"]}}],"collection":[{"href":"https:\/\/revues.vietnamica.online\/publications_multi\/wp-json\/wp\/v2\/pages"}],"about":[{"href":"https:\/\/revues.vietnamica.online\/publications_multi\/wp-json\/wp\/v2\/types\/page"}],"author":[{"embeddable":true,"href":"https:\/\/revues.vietnamica.online\/publications_multi\/wp-json\/wp\/v2\/users\/1"}],"replies":[{"embeddable":true,"href":"https:\/\/revues.vietnamica.online\/publications_multi\/wp-json\/wp\/v2\/comments?post=8979"}],"version-history":[{"count":0,"href":"https:\/\/revues.vietnamica.online\/publications_multi\/wp-json\/wp\/v2\/pages\/8979\/revisions"}],"wp:attachment":[{"href":"https:\/\/revues.vietnamica.online\/publications_multi\/wp-json\/wp\/v2\/media?parent=8979"}],"curies":[{"name":"wp","href":"https:\/\/api.w.org\/{rel}","templated":true}]}}