{"id":8641,"date":"2022-06-21T13:08:39","date_gmt":"2022-06-21T11:08:39","guid":{"rendered":"https:\/\/revues.vietnamica.online\/publications\/?page_id=8641"},"modified":"2022-12-05T06:46:48","modified_gmt":"2022-12-05T05:46:48","slug":"book13","status":"publish","type":"page","link":"https:\/\/revues.vietnamica.online\/publications\/book13\/","title":{"rendered":"##book13"},"content":{"rendered":"<p>[vc_row][vc_column][vc_column_text]<\/p>\n<p style=\"font-weight: bold; margin-top: 30px;\"><a href=\"https:\/\/revues.vietnamica.online\/publications\/\"><i class=\"fa fa-home\"><\/i> revenir aux publications<\/a><\/p>\n<p>[\/vc_column_text][\/vc_column][\/vc_row][vc_row][vc_column][vc_column_text]<\/p>\n<h4>Cliquer sur l&rsquo;image de couverture pour l&rsquo;afficher en plein \u00e9cran :<\/h4>\n<p>[\/vc_column_text][\/vc_column][\/vc_row][vc_row][vc_column width=\u00a0\u00bb1\/3&Prime;][vc_raw_html]JTNDYSUyMGhyZWYlM0QlMjJodHRwcyUzQSUyRiUyRnJldnVlcy52aWV0bmFtaWNhLm9ubGluZSUyRnB1YmxpY2F0aW9ucyUyRndwLWNvbnRlbnQlMkZ1cGxvYWRzJTJGMjAyMiUyRjA2JTJGYm9vazEzLWZyb250LXNjYWxlZC5qcGVnJTIyJTIwdGl0bGUlM0QlMjJMaXZyZSUyMDEzJTIyJTNFJTNDaW1nJTIwc3JjJTNEJTIyaHR0cHMlM0ElMkYlMkZyZXZ1ZXMudmlldG5hbWljYS5vbmxpbmUlMkZwdWJsaWNhdGlvbnMlMkZ3cC1jb250ZW50JTJGdXBsb2FkcyUyRjIwMjIlMkYwNiUyRmJvb2sxMy1mcm9udC1zY2FsZWQuanBlZyUyMiUyMHdpZHRoJTNEJTIyMTAwJTI1JTIyJTIwYWx0JTNEJTIyTGl2cmUlMjAxMyUyMiUzRSUzQyUyRmElM0U=[\/vc_raw_html][\/vc_column][vc_column width=\u00a0\u00bb2\/3&Prime;][vc_column_text]<strong>T\u1ea1p ch\u00ed H\u00e1n N\u00f4m<\/strong><\/p>\n<ul>\n<li><em>Titre : Revue de l\u2019Institut H\u00e1n N\u00f4m <\/em><\/li>\n<li><em>Title\u00a0: Journal of the H\u00e1n N\u00f4m Institute<\/em><\/li>\n<\/ul>\n<p><em>\u00a0<\/em><\/p>\n<ul>\n<li>Num\u00e9ro, ann\u00e9e\u00a0: 2 (171), 2022<\/li>\n<li>\u00c9ditions\u00a0: Vi\u1ec7n nghi\u00ean c\u1ee9u H\u00e1n N\u00f4m et Vi\u1ec7n H\u00e0n l\u00e2m Khoa h\u1ecdc x\u00e3 h\u1ed9i Vi\u1ec7t Nam<\/li>\n<li>Langues\u00a0: vietnamien, anglais<\/li>\n<li>Nombre de pages : 101<\/li>\n<\/ul>\n<p>[\/vc_column_text][vc_raw_html]JTNDcCUyMHN0eWxlJTNEJTIydGV4dC1hbGlnbiUzQSUyMGNlbnRlciUzQiUyMiUzRSUzQ2ElMjBocmVmJTNEJTIyJTIzcHJlc2VudGF0aW9uJTIyJTNFJTNDaSUyMGNsYXNzJTNEJTIyZmElMjBmYS1hbmdsZS1kb3duJTIyJTNFJTNDJTJGaSUzRSUyMGNvbnN1bHRlciUyMGxhJTIwcmV2dWUlMjBjb21wbCVDMyVBOHRlJTIwJTNBJTIwTnVtJUMzJUE5cm8lMjAyJTI4MTcxJTI5LTIwMjIlM0MlMkZhJTNFJTNDJTJGcCUzRSUwQSUwQSUzQ3AlMjBzdHlsZSUzRCUyMnRleHQtYWxpZ24lM0ElMjBjZW50ZXIlM0IlMjIlM0UlM0NhJTIwaHJlZiUzRCUyMiUyM3ByZXNlbnRhdGlvbjIlMjIlM0UlM0NpJTIwY2xhc3MlM0QlMjJmYSUyMGZhLWFuZ2xlLWRvd24lMjIlM0UlM0MlMkZpJTNFJTIwY29uc3VsdGVyJTIwbCUyN2FydGljbGUlMjBkdSUyMG51bSVDMyVBOXJvJTIwMyUyMCUyODIwMjIlMjklM0ElM0NiciUzRSUwQUdJJUUxJUJCJTlBSSUyMFQlQzMlOEROSCUyMFYlQzMlODAlMjBDJUMzJTk0TkclMjAlQzQlOTAlRTElQkIlQThDJTNBJTIwTkdISSVDMyU4QU4lMjBDJUUxJUJCJUE4VSUyMFRSJUM2JUFGJUUxJUJCJTlDTkclMjBIJUUxJUJCJUEyUCVFMiU4MCVBNiUwQSUzQyUyRmElM0UlM0MlMkZwJTNF[\/vc_raw_html][\/vc_column][\/vc_row][vc_row el_id=\u00a0\u00bbpresentation\u00a0\u00bb][vc_column][vc_column_text]<div class=\"ead-preview\"><div class=\"ead-document\" style=\"position: relative;width: 100%;height: 100%;border: none;min-height: 500px;\" data-pdf-src=\"https:\/\/revues.vietnamica.online\/publications\/wp-content\/uploads\/2022\/12\/han-nom-numero-2-2022.pdf\" data-viewer=\"browser\"><div class=\"ead-iframe-wrapper\"><iframe src=\"\/\/docs.google.com\/viewer?url=https%3A%2F%2Frevues.vietnamica.online%2Fpublications%2Fwp-content%2Fuploads%2F2022%2F12%2Fhan-nom-numero-2-2022.pdf&amp;embedded=true&amp;hl=en\" title=\"Document embarqu\u00e9\" class=\"ead-iframe\" style=\"width: 100%;height: 100%;border: none;min-height: 500px;visibility: hidden;\"><\/iframe><\/div>\t\t\t<div class=\"ead-document-loading\" style=\"width:100%;height:100%;position:absolute;left:0;top:0;z-index:10;\">\n\t\t\t\t<div class=\"ead-loading-wrap\">\n\t\t\t\t\t<div class=\"ead-loading-main\">\n\t\t\t\t\t\t<div class=\"ead-loading\">\n\t\t\t\t\t\t\t<img loading=\"lazy\" decoding=\"async\" src=\"https:\/\/revues.vietnamica.online\/publications\/wp-content\/plugins\/embed-any-document\/images\/loading.svg\" width=\"55\" height=\"55\" alt=\"Chargeur\">\n\t\t\t\t\t\t\t<span>En cours de chargement&hellip;<\/span>\n\t\t\t\t\t\t<\/div>\n\t\t\t\t\t<\/div>\n\t\t\t\t\t<div class=\"ead-loading-foot\">\n\t\t\t\t\t\t<div class=\"ead-loading-foot-title\">\n\t\t\t\t\t\t\t<img loading=\"lazy\" decoding=\"async\" src=\"https:\/\/revues.vietnamica.online\/publications\/wp-content\/plugins\/embed-any-document\/images\/EAD-logo.svg\" alt=\"Logo EAD\" width=\"36\" height=\"23\"\/>\n\t\t\t\t\t\t\t<span>Cela prend trop de temps\u00a0?<\/span>\n\t\t\t\t\t\t<\/div>\n\t\t\t\t\t\t<div class=\"ead-document-btn ead-reload-btn\" role=\"button\">\n\t\t\t\t\t\t\t\t<img loading=\"lazy\" decoding=\"async\" src=\"https:\/\/revues.vietnamica.online\/publications\/wp-content\/plugins\/embed-any-document\/images\/reload.svg\" alt=\"Recharger\" width=\"12\" height=\"12\"\/> Recharger le document\t\t\t\t\t\t\t<\/div>\n\t\t\t\t\t\t\t<span>|<\/span>\n\t\t\t\t\t\t\t<a href=\"#\" class=\"ead-document-btn\" target=\"_blank\">\n\t\t\t\t\t\t\t\t<img loading=\"lazy\" decoding=\"async\" src=\"https:\/\/revues.vietnamica.online\/publications\/wp-content\/plugins\/embed-any-document\/images\/open.svg\" alt=\"Ouvert\" width=\"12\" height=\"12\"\/> Ouvrir dans un nouvel onglet\t\t\t\t\t\t\t<\/a>\n\t\t\t\t\t<\/div>\n\t\t\t\t<\/div>\n\t\t\t<\/div>\n\t\t<\/div><\/div>[\/vc_column_text][\/vc_column][\/vc_row][vc_row el_id=\u00a0\u00bbpresentation2&Prime;][vc_column][vc_column_text]<div class=\"ead-preview\"><div class=\"ead-document\" style=\"position: relative;width: 100%;height: 100%;border: none;min-height: 500px;\" data-pdf-src=\"https:\/\/revues.vietnamica.online\/publications\/wp-content\/uploads\/2022\/12\/han-nom-article-numero-3-2022.pdf\" data-viewer=\"browser\"><div class=\"ead-iframe-wrapper\"><iframe src=\"\/\/docs.google.com\/viewer?url=https%3A%2F%2Frevues.vietnamica.online%2Fpublications%2Fwp-content%2Fuploads%2F2022%2F12%2Fhan-nom-article-numero-3-2022.pdf&amp;embedded=true&amp;hl=en\" title=\"Document embarqu\u00e9\" class=\"ead-iframe\" style=\"width: 100%;height: 100%;border: none;min-height: 500px;visibility: hidden;\"><\/iframe><\/div>\t\t\t<div class=\"ead-document-loading\" style=\"width:100%;height:100%;position:absolute;left:0;top:0;z-index:10;\">\n\t\t\t\t<div class=\"ead-loading-wrap\">\n\t\t\t\t\t<div class=\"ead-loading-main\">\n\t\t\t\t\t\t<div class=\"ead-loading\">\n\t\t\t\t\t\t\t<img loading=\"lazy\" decoding=\"async\" src=\"https:\/\/revues.vietnamica.online\/publications\/wp-content\/plugins\/embed-any-document\/images\/loading.svg\" width=\"55\" height=\"55\" alt=\"Chargeur\">\n\t\t\t\t\t\t\t<span>En cours de chargement&hellip;<\/span>\n\t\t\t\t\t\t<\/div>\n\t\t\t\t\t<\/div>\n\t\t\t\t\t<div class=\"ead-loading-foot\">\n\t\t\t\t\t\t<div class=\"ead-loading-foot-title\">\n\t\t\t\t\t\t\t<img loading=\"lazy\" decoding=\"async\" src=\"https:\/\/revues.vietnamica.online\/publications\/wp-content\/plugins\/embed-any-document\/images\/EAD-logo.svg\" alt=\"Logo EAD\" width=\"36\" height=\"23\"\/>\n\t\t\t\t\t\t\t<span>Cela prend trop de temps\u00a0?<\/span>\n\t\t\t\t\t\t<\/div>\n\t\t\t\t\t\t<div class=\"ead-document-btn ead-reload-btn\" role=\"button\">\n\t\t\t\t\t\t\t\t<img loading=\"lazy\" decoding=\"async\" src=\"https:\/\/revues.vietnamica.online\/publications\/wp-content\/plugins\/embed-any-document\/images\/reload.svg\" alt=\"Recharger\" width=\"12\" height=\"12\"\/> Recharger le document\t\t\t\t\t\t\t<\/div>\n\t\t\t\t\t\t\t<span>|<\/span>\n\t\t\t\t\t\t\t<a href=\"#\" class=\"ead-document-btn\" target=\"_blank\">\n\t\t\t\t\t\t\t\t<img loading=\"lazy\" decoding=\"async\" src=\"https:\/\/revues.vietnamica.online\/publications\/wp-content\/plugins\/embed-any-document\/images\/open.svg\" alt=\"Ouvert\" width=\"12\" height=\"12\"\/> Ouvrir dans un nouvel onglet\t\t\t\t\t\t\t<\/a>\n\t\t\t\t\t<\/div>\n\t\t\t\t<\/div>\n\t\t\t<\/div>\n\t\t<\/div><\/div>[\/vc_column_text][\/vc_column][\/vc_row][vc_row][vc_column][vc_raw_html]JTNDc2NyaXB0JTNFJTBBJTBBc2V0VGltZW91dCUyOGZ1bmN0aW9uJTIwJTI4JTI5JTBBJTdCJTBBJTA5Y29uc29sZS5sb2clMjglMjJ0cmFpdGVtZW50JTIwYWZmaWNoYWdlLi4uJTIyJTI5JTNCJTBBJTBBJTA5dmFyJTIwcGRmT2JqZWN0cyUyMCUzRCUyMGRvY3VtZW50LnF1ZXJ5U2VsZWN0b3JBbGwlMjglMjIucGRmb2JqZWN0JTIyJTI5JTNCJTBBJTA5Y29uc29sZS5sb2clMjglMjJOYiUyMGRvY3VtZW50cyUyMCUzQSUyMCUyMiUyMCUyQiUyMHBkZk9iamVjdHMubGVuZ3RoJTI5JTNCJTBBJTA5JTBBJTA5JTJGJTJGJTIwdmFyJTIwaGF1dGV1ciUyMCUzRCUyMHdpbmRvdy5pbm5lckhlaWdodCUyMC0lMjAxMDAlM0IlMEElMDl2YXIlMjBoYXV0ZXVyJTIwJTNEJTIwd2luZG93LmlubmVySGVpZ2h0JTNCJTBBJTA5JTBBJTA5Zm9yJTI4dmFyJTIwaSUzRDAlM0IlMjBpJTIwJTNDJTIwcGRmT2JqZWN0cy5sZW5ndGglM0IlMjBpJTJCJTJCJTI5JTBBJTA5JTdCJTBBJTA5JTA5cGRmT2JqZWN0cyU1QmklNUQuc3R5bGUuaGVpZ2h0JTIwJTNEJTIwaGF1dGV1ciUyMCUyQiUyMCUyMnB4JTIyJTNCJTBBJTA5JTdEJTBBJTA5JTBBJTdEJTJDJTIwMjAwMCUyOSUzQiUwQSUwQSUwQSUzQyUyRnNjcmlwdCUzRSUwQQ==[\/vc_raw_html][\/vc_column][\/vc_row]<\/p>\n","protected":false},"excerpt":{"rendered":"<p>[vc_row][vc_column][vc_column_text] revenir aux publications [\/vc_column_text][\/vc_column][\/vc_row][vc_row][vc_column][vc_column_text] Cliquer sur l&rsquo;image de couverture pour l&rsquo;afficher en plein \u00e9cran : [\/vc_column_text][\/vc_column][\/vc_row][vc_row][vc_column width=\u00a0\u00bb1\/3&Prime;][vc_raw_html]JTNDYSUyMGhyZWYlM0QlMjJodHRwcyUzQSUyRiUyRnJldnVlcy52aWV0bmFtaWNhLm9ubGluZSUyRnB1YmxpY2F0aW9ucyUyRndwLWNvbnRlbnQlMkZ1cGxvYWRzJTJGMjAyMiUyRjA2JTJGYm9vazEzLWZyb250LXNjYWxlZC5qcGVnJTIyJTIwdGl0bGUlM0QlMjJMaXZyZSUyMDEzJTIyJTNFJTNDaW1nJTIwc3JjJTNEJTIyaHR0cHMlM0ElMkYlMkZyZXZ1ZXMudmlldG5hbWljYS5vbmxpbmUlMkZwdWJsaWNhdGlvbnMlMkZ3cC1jb250ZW50JTJGdXBsb2FkcyUyRjIwMjIlMkYwNiUyRmJvb2sxMy1mcm9udC1zY2FsZWQuanBlZyUyMiUyMHdpZHRoJTNEJTIyMTAwJTI1JTIyJTIwYWx0JTNEJTIyTGl2cmUlMjAxMyUyMiUzRSUzQyUyRmElM0U=[\/vc_raw_html][\/vc_column][vc_column width=\u00a0\u00bb2\/3&Prime;][vc_column_text]T\u1ea1p ch\u00ed H\u00e1n N\u00f4m Titre : Revue de l\u2019Institut H\u00e1n N\u00f4m Title\u00a0: Journal of the H\u00e1n N\u00f4m Institute \u00a0 Num\u00e9ro, ann\u00e9e\u00a0: 2 (171), 2022 \u00c9ditions\u00a0: Vi\u1ec7n nghi\u00ean c\u1ee9u H\u00e1n N\u00f4m et Vi\u1ec7n H\u00e0n l\u00e2m Khoa h\u1ecdc x\u00e3 [&hellip;]<\/p>\n","protected":false},"author":1,"featured_media":0,"parent":0,"menu_order":0,"comment_status":"closed","ping_status":"closed","template":"","meta":{"footnotes":""},"class_list":["post-8641","page","type-page","status-publish","hentry"],"yoast_head":"<!-- This site is optimized with the Yoast SEO plugin v18.3 - https:\/\/yoast.com\/wordpress\/plugins\/seo\/ -->\n<title>##book13 - VIETNAMICA - Les publications<\/title>\n<meta name=\"robots\" content=\"index, follow, max-snippet:-1, max-image-preview:large, max-video-preview:-1\" \/>\n<link rel=\"canonical\" href=\"https:\/\/revues.vietnamica.online\/publications\/book13\/\" \/>\n<meta property=\"og:locale\" content=\"fr_FR\" \/>\n<meta property=\"og:type\" content=\"article\" \/>\n<meta property=\"og:title\" content=\"##book13 - VIETNAMICA - Les publications\" \/>\n<meta property=\"og:description\" content=\"[vc_row][vc_column][vc_column_text] revenir aux publications [\/vc_column_text][\/vc_column][\/vc_row][vc_row][vc_column][vc_column_text] Cliquer sur l&rsquo;image de couverture pour l&rsquo;afficher en plein \u00e9cran : [\/vc_column_text][\/vc_column][\/vc_row][vc_row][vc_column width=\u00a0\u00bb1\/3&Prime;][vc_raw_html]JTNDYSUyMGhyZWYlM0QlMjJodHRwcyUzQSUyRiUyRnJldnVlcy52aWV0bmFtaWNhLm9ubGluZSUyRnB1YmxpY2F0aW9ucyUyRndwLWNvbnRlbnQlMkZ1cGxvYWRzJTJGMjAyMiUyRjA2JTJGYm9vazEzLWZyb250LXNjYWxlZC5qcGVnJTIyJTIwdGl0bGUlM0QlMjJMaXZyZSUyMDEzJTIyJTNFJTNDaW1nJTIwc3JjJTNEJTIyaHR0cHMlM0ElMkYlMkZyZXZ1ZXMudmlldG5hbWljYS5vbmxpbmUlMkZwdWJsaWNhdGlvbnMlMkZ3cC1jb250ZW50JTJGdXBsb2FkcyUyRjIwMjIlMkYwNiUyRmJvb2sxMy1mcm9udC1zY2FsZWQuanBlZyUyMiUyMHdpZHRoJTNEJTIyMTAwJTI1JTIyJTIwYWx0JTNEJTIyTGl2cmUlMjAxMyUyMiUzRSUzQyUyRmElM0U=[\/vc_raw_html][\/vc_column][vc_column width=\u00a0\u00bb2\/3&Prime;][vc_column_text]T\u1ea1p ch\u00ed H\u00e1n N\u00f4m Titre : Revue de l\u2019Institut H\u00e1n N\u00f4m Title\u00a0: Journal of the H\u00e1n N\u00f4m Institute \u00a0 Num\u00e9ro, ann\u00e9e\u00a0: 2 (171), 2022 \u00c9ditions\u00a0: Vi\u1ec7n nghi\u00ean c\u1ee9u H\u00e1n N\u00f4m et Vi\u1ec7n H\u00e0n l\u00e2m Khoa h\u1ecdc x\u00e3 [&hellip;]\" \/>\n<meta property=\"og:url\" content=\"https:\/\/revues.vietnamica.online\/publications\/book13\/\" \/>\n<meta property=\"og:site_name\" content=\"VIETNAMICA - Les publications\" \/>\n<meta property=\"article:modified_time\" content=\"2022-12-05T05:46:48+00:00\" \/>\n<meta name=\"twitter:card\" content=\"summary_large_image\" \/>\n<meta name=\"twitter:label1\" content=\"Dur\u00e9e de lecture estim\u00e9e\" \/>\n\t<meta name=\"twitter:data1\" content=\"1 minute\" \/>\n<script type=\"application\/ld+json\" class=\"yoast-schema-graph\">{\"@context\":\"https:\/\/schema.org\",\"@graph\":[{\"@type\":\"WebSite\",\"@id\":\"https:\/\/revues.vietnamica.online\/publications\/#website\",\"url\":\"https:\/\/revues.vietnamica.online\/publications\/\",\"name\":\"VIETNAMICA - Les publications\",\"description\":\"\",\"potentialAction\":[{\"@type\":\"SearchAction\",\"target\":{\"@type\":\"EntryPoint\",\"urlTemplate\":\"https:\/\/revues.vietnamica.online\/publications\/?s={search_term_string}\"},\"query-input\":\"required name=search_term_string\"}],\"inLanguage\":\"fr-FR\"},{\"@type\":\"WebPage\",\"@id\":\"https:\/\/revues.vietnamica.online\/publications\/book13\/#webpage\",\"url\":\"https:\/\/revues.vietnamica.online\/publications\/book13\/\",\"name\":\"##book13 - VIETNAMICA - Les publications\",\"isPartOf\":{\"@id\":\"https:\/\/revues.vietnamica.online\/publications\/#website\"},\"datePublished\":\"2022-06-21T11:08:39+00:00\",\"dateModified\":\"2022-12-05T05:46:48+00:00\",\"breadcrumb\":{\"@id\":\"https:\/\/revues.vietnamica.online\/publications\/book13\/#breadcrumb\"},\"inLanguage\":\"fr-FR\",\"potentialAction\":[{\"@type\":\"ReadAction\",\"target\":[\"https:\/\/revues.vietnamica.online\/publications\/book13\/\"]}]},{\"@type\":\"BreadcrumbList\",\"@id\":\"https:\/\/revues.vietnamica.online\/publications\/book13\/#breadcrumb\",\"itemListElement\":[{\"@type\":\"ListItem\",\"position\":1,\"name\":\"Accueil\",\"item\":\"https:\/\/revues.vietnamica.online\/publications\/\"},{\"@type\":\"ListItem\",\"position\":2,\"name\":\"##book13\"}]}]}<\/script>\n<!-- \/ Yoast SEO plugin. -->","yoast_head_json":{"title":"##book13 - VIETNAMICA - Les publications","robots":{"index":"index","follow":"follow","max-snippet":"max-snippet:-1","max-image-preview":"max-image-preview:large","max-video-preview":"max-video-preview:-1"},"canonical":"https:\/\/revues.vietnamica.online\/publications\/book13\/","og_locale":"fr_FR","og_type":"article","og_title":"##book13 - VIETNAMICA - Les publications","og_description":"[vc_row][vc_column][vc_column_text] revenir aux publications [\/vc_column_text][\/vc_column][\/vc_row][vc_row][vc_column][vc_column_text] Cliquer sur l&rsquo;image de couverture pour l&rsquo;afficher en plein \u00e9cran : [\/vc_column_text][\/vc_column][\/vc_row][vc_row][vc_column width=\u00a0\u00bb1\/3&Prime;][vc_raw_html]JTNDYSUyMGhyZWYlM0QlMjJodHRwcyUzQSUyRiUyRnJldnVlcy52aWV0bmFtaWNhLm9ubGluZSUyRnB1YmxpY2F0aW9ucyUyRndwLWNvbnRlbnQlMkZ1cGxvYWRzJTJGMjAyMiUyRjA2JTJGYm9vazEzLWZyb250LXNjYWxlZC5qcGVnJTIyJTIwdGl0bGUlM0QlMjJMaXZyZSUyMDEzJTIyJTNFJTNDaW1nJTIwc3JjJTNEJTIyaHR0cHMlM0ElMkYlMkZyZXZ1ZXMudmlldG5hbWljYS5vbmxpbmUlMkZwdWJsaWNhdGlvbnMlMkZ3cC1jb250ZW50JTJGdXBsb2FkcyUyRjIwMjIlMkYwNiUyRmJvb2sxMy1mcm9udC1zY2FsZWQuanBlZyUyMiUyMHdpZHRoJTNEJTIyMTAwJTI1JTIyJTIwYWx0JTNEJTIyTGl2cmUlMjAxMyUyMiUzRSUzQyUyRmElM0U=[\/vc_raw_html][\/vc_column][vc_column width=\u00a0\u00bb2\/3&Prime;][vc_column_text]T\u1ea1p ch\u00ed H\u00e1n N\u00f4m Titre : Revue de l\u2019Institut H\u00e1n N\u00f4m Title\u00a0: Journal of the H\u00e1n N\u00f4m Institute \u00a0 Num\u00e9ro, ann\u00e9e\u00a0: 2 (171), 2022 \u00c9ditions\u00a0: Vi\u1ec7n nghi\u00ean c\u1ee9u H\u00e1n N\u00f4m et Vi\u1ec7n H\u00e0n l\u00e2m Khoa h\u1ecdc x\u00e3 [&hellip;]","og_url":"https:\/\/revues.vietnamica.online\/publications\/book13\/","og_site_name":"VIETNAMICA - Les publications","article_modified_time":"2022-12-05T05:46:48+00:00","twitter_card":"summary_large_image","twitter_misc":{"Dur\u00e9e de lecture estim\u00e9e":"1 minute"},"schema":{"@context":"https:\/\/schema.org","@graph":[{"@type":"WebSite","@id":"https:\/\/revues.vietnamica.online\/publications\/#website","url":"https:\/\/revues.vietnamica.online\/publications\/","name":"VIETNAMICA - Les publications","description":"","potentialAction":[{"@type":"SearchAction","target":{"@type":"EntryPoint","urlTemplate":"https:\/\/revues.vietnamica.online\/publications\/?s={search_term_string}"},"query-input":"required name=search_term_string"}],"inLanguage":"fr-FR"},{"@type":"WebPage","@id":"https:\/\/revues.vietnamica.online\/publications\/book13\/#webpage","url":"https:\/\/revues.vietnamica.online\/publications\/book13\/","name":"##book13 - VIETNAMICA - Les publications","isPartOf":{"@id":"https:\/\/revues.vietnamica.online\/publications\/#website"},"datePublished":"2022-06-21T11:08:39+00:00","dateModified":"2022-12-05T05:46:48+00:00","breadcrumb":{"@id":"https:\/\/revues.vietnamica.online\/publications\/book13\/#breadcrumb"},"inLanguage":"fr-FR","potentialAction":[{"@type":"ReadAction","target":["https:\/\/revues.vietnamica.online\/publications\/book13\/"]}]},{"@type":"BreadcrumbList","@id":"https:\/\/revues.vietnamica.online\/publications\/book13\/#breadcrumb","itemListElement":[{"@type":"ListItem","position":1,"name":"Accueil","item":"https:\/\/revues.vietnamica.online\/publications\/"},{"@type":"ListItem","position":2,"name":"##book13"}]}]}},"lang":"en","translations":{"en":8641},"pll_sync_post":[],"_links":{"self":[{"href":"https:\/\/revues.vietnamica.online\/publications\/wp-json\/wp\/v2\/pages\/8641","targetHints":{"allow":["GET"]}}],"collection":[{"href":"https:\/\/revues.vietnamica.online\/publications\/wp-json\/wp\/v2\/pages"}],"about":[{"href":"https:\/\/revues.vietnamica.online\/publications\/wp-json\/wp\/v2\/types\/page"}],"author":[{"embeddable":true,"href":"https:\/\/revues.vietnamica.online\/publications\/wp-json\/wp\/v2\/users\/1"}],"replies":[{"embeddable":true,"href":"https:\/\/revues.vietnamica.online\/publications\/wp-json\/wp\/v2\/comments?post=8641"}],"version-history":[{"count":8,"href":"https:\/\/revues.vietnamica.online\/publications\/wp-json\/wp\/v2\/pages\/8641\/revisions"}],"predecessor-version":[{"id":8768,"href":"https:\/\/revues.vietnamica.online\/publications\/wp-json\/wp\/v2\/pages\/8641\/revisions\/8768"}],"wp:attachment":[{"href":"https:\/\/revues.vietnamica.online\/publications\/wp-json\/wp\/v2\/media?parent=8641"}],"curies":[{"name":"wp","href":"https:\/\/api.w.org\/{rel}","templated":true}]}}